{"id":1911,"date":"2023-06-23T13:45:36","date_gmt":"2023-06-23T13:45:36","guid":{"rendered":"https:\/\/proglass.az\/about-us\/"},"modified":"2023-11-11T08:23:54","modified_gmt":"2023-11-11T08:23:54","slug":"haqqimizda","status":"publish","type":"page","link":"https:\/\/proglass.az\/haqqimizda\/","title":{"rendered":"HAQQIMIZDA"},"content":{"rendered":"\t\t<div data-elementor-type=\"wp-page\" data-elementor-id=\"1911\" class=\"elementor elementor-1911 elementor-57\" data-elementor-post-type=\"page\">\n\t\t\t\t<div class=\"elementor-element elementor-element-f390fbd e-flex e-con-boxed e-con e-parent\" data-id=\"f390fbd\" data-element_type=\"container\" data-e-type=\"container\">\n\t\t\t\t\t<div class=\"e-con-inner\">\n\t\t<div class=\"elementor-element elementor-element-7e76996 e-con-full e-flex e-con e-child\" data-id=\"7e76996\" data-element_type=\"container\" data-e-type=\"container\">\n\t\t\t\t<div class=\"elementor-element elementor-element-c120769 elementor-widget elementor-widget-heading\" data-id=\"c120769\" data-element_type=\"widget\" data-e-type=\"widget\" data-widget_type=\"heading.default\">\n\t\t\t\t<div class=\"elementor-widget-container\">\n\t\t\t\t\t<h3 class=\"elementor-heading-title elementor-size-default\">HAQQIMIZDA<\/h3>\t\t\t\t<\/div>\n\t\t\t\t<\/div>\n\t\t\t\t<div class=\"elementor-element elementor-element-ef2c40a elementor-widget-divider--view-line elementor-widget elementor-widget-divider\" data-id=\"ef2c40a\" data-element_type=\"widget\" data-e-type=\"widget\" data-widget_type=\"divider.default\">\n\t\t\t\t<div class=\"elementor-widget-container\">\n\t\t\t\t\t\t\t<div class=\"elementor-divider\">\n\t\t\t<span class=\"elementor-divider-separator\">\n\t\t\t\t\t\t<\/span>\n\t\t<\/div>\n\t\t\t\t\t\t<\/div>\n\t\t\t\t<\/div>\n\t\t\t\t<div class=\"elementor-element elementor-element-31114a3 elementor-widget elementor-widget-text-editor\" data-id=\"31114a3\" data-element_type=\"widget\" data-e-type=\"widget\" data-widget_type=\"text-editor.default\">\n\t\t\t\t<div class=\"elementor-widget-container\">\n\t\t\t\t\t\t\t\t\t<p>\u201cPRO GLASS\u201d MMC 2019-cu ild\u0259 t\u0259sis edilmi\u015fdir. Q\u0131sa zaman k\u0259siyind\u0259 b\u00f6y\u00fck u\u011furlara imza atan \u201cPRO GLASS\u201d MMC qar\u015f\u0131s\u0131na qoydu\u011fu b\u00fct\u00fcn h\u0259d\u0259fl\u0259r\u0259 tez bir zamanda \u00e7atmas\u0131 il\u0259 f\u0259rql\u0259nir. On iki illik istehsal t\u0259cr\u00fcb\u0259si, \u00f6zsah\u0259l\u0259rind\u0259ki profisional r\u0259hb\u0259r v\u0259 m\u00fct\u0259x\u0259ssis hey\u0259ti m\u00fc\u0259ssis\u0259mizin u\u011furlar\u0131n\u0131n t\u0259m\u0259lidir. \u201cPRO GLASS\u201d MMC yarand\u0131\u011f\u0131 g\u00fcnd\u0259n y\u00fcks\u0259k keyfiyy\u0259ti v\u0259 m\u00fc\u015ft\u0259ri m\u0259mnuyy\u0259tini h\u0259r zaman diqq\u0259t m\u0259rk\u0259zind\u0259 saxlam\u0131\u015fd\u0131r. Xarici v\u0259 yerli brend markalarla t\u0259r\u0259fda\u015f olan \u015firk\u0259timiz \u00f6z istehsal sah\u0259sind\u0259 ki, y\u00fcks\u0259k keyfiyy\u0259tli avadanl\u0131qlar\u0131yla g\u00f6z ox\u015fayan v\u0259 keyfiyy\u0259tli m\u0259hsullar\u0131n\u0131 m\u00fc\u015ft\u0259ril\u0259rin\u0259 t\u0259klif etmi\u015fdir. \u00dcz\u0259rin\u0259 g\u00f6t\u00fcrd\u00fcy\u00fc b\u00fct\u00fcn layih\u0259l\u0259r\u0259 tam m\u0259suliyy\u0259tl\u0259 yana\u015fan \u201cPRO GLASS\u201d MMC b\u00fct\u00fcn m\u00fc\u015ft\u0259ril\u0259rinin r\u0259\u011fb\u0259t v\u0259 inam\u0131n\u0131 qazanm\u0131\u015fd\u0131r. \u201cPRO GLASS\u201d MMC keyfiyy\u0259ti v\u0259 g\u00fcv\u0259nirliyi il\u0259 tan\u0131nan g\u00f6rd\u00fcy\u00fc i\u015fl\u0259r\u0259 tam z\u0259man\u0259t ver\u0259n m\u00fck\u0259mm\u0259l bir \u015firk\u0259tdir.<\/p>\t\t\t\t\t\t\t\t<\/div>\n\t\t\t\t<\/div>\n\t\t\t\t<div class=\"elementor-element elementor-element-c2d3743 elementor-widget elementor-widget-heading\" data-id=\"c2d3743\" data-element_type=\"widget\" data-e-type=\"widget\" data-widget_type=\"heading.default\">\n\t\t\t\t<div class=\"elementor-widget-container\">\n\t\t\t\t\t<h4 class=\"elementor-heading-title elementor-size-default\">Vizyonumuz<\/h4>\t\t\t\t<\/div>\n\t\t\t\t<\/div>\n\t\t\t\t<div class=\"elementor-element elementor-element-d2e1e64 elementor-widget-divider--view-line elementor-widget elementor-widget-divider\" data-id=\"d2e1e64\" data-element_type=\"widget\" data-e-type=\"widget\" data-widget_type=\"divider.default\">\n\t\t\t\t<div class=\"elementor-widget-container\">\n\t\t\t\t\t\t\t<div class=\"elementor-divider\">\n\t\t\t<span class=\"elementor-divider-separator\">\n\t\t\t\t\t\t<\/span>\n\t\t<\/div>\n\t\t\t\t\t\t<\/div>\n\t\t\t\t<\/div>\n\t\t\t\t<div class=\"elementor-element elementor-element-820e032 elementor-widget elementor-widget-text-editor\" data-id=\"820e032\" data-element_type=\"widget\" data-e-type=\"widget\" data-widget_type=\"text-editor.default\">\n\t\t\t\t<div class=\"elementor-widget-container\">\n\t\t\t\t\t\t\t\t\t<p>T\u0259qdim etdiyimiz keyfiyy\u0259tli mallar\u0131 t\u0259k \u00f6lk\u0259 daxilind\u0259 deyil d\u00fcnya miqyas\u0131nda da Az\u0259rbaycan brendi olaraq tan\u0131dmaq.<\/p>\t\t\t\t\t\t\t\t<\/div>\n\t\t\t\t<\/div>\n\t\t\t\t<div class=\"elementor-element elementor-element-a27839e elementor-widget elementor-widget-heading\" data-id=\"a27839e\" data-element_type=\"widget\" data-e-type=\"widget\" data-widget_type=\"heading.default\">\n\t\t\t\t<div class=\"elementor-widget-container\">\n\t\t\t\t\t<h4 class=\"elementor-heading-title elementor-size-default\">Misiyam\u0131z<\/h4>\t\t\t\t<\/div>\n\t\t\t\t<\/div>\n\t\t\t\t<div class=\"elementor-element elementor-element-5fcc74f elementor-widget-divider--view-line elementor-widget elementor-widget-divider\" data-id=\"5fcc74f\" data-element_type=\"widget\" data-e-type=\"widget\" data-widget_type=\"divider.default\">\n\t\t\t\t<div class=\"elementor-widget-container\">\n\t\t\t\t\t\t\t<div class=\"elementor-divider\">\n\t\t\t<span class=\"elementor-divider-separator\">\n\t\t\t\t\t\t<\/span>\n\t\t<\/div>\n\t\t\t\t\t\t<\/div>\n\t\t\t\t<\/div>\n\t\t\t\t<div class=\"elementor-element elementor-element-d341225 elementor-widget elementor-widget-text-editor\" data-id=\"d341225\" data-element_type=\"widget\" data-e-type=\"widget\" data-widget_type=\"text-editor.default\">\n\t\t\t\t<div class=\"elementor-widget-container\">\n\t\t\t\t\t\t\t\t\t<p>M\u00fc\u015ft\u0259ril\u0259rimizin b\u00fcdc\u0259sin\u0259 uy\u011fun onlar\u0131 m\u0259mnun ed\u0259 bil\u0259c\u0259k ekoloji t\u0259miz, komfortlu, y\u00fcks\u0259k keyfiyy\u0259tli v\u0259 g\u00f6zox\u015fayan m\u0259hsullar t\u0259qdim etm\u0259kdi.<\/p>\t\t\t\t\t\t\t\t<\/div>\n\t\t\t\t<\/div>\n\t\t\t\t<\/div>\n\t\t<div class=\"elementor-element elementor-element-bffeb31 e-con-full e-flex e-con e-child\" data-id=\"bffeb31\" data-element_type=\"container\" data-e-type=\"container\">\n\t\t<div class=\"elementor-element elementor-element-707da76 e-con-full e-flex e-con e-child\" data-id=\"707da76\" data-element_type=\"container\" data-e-type=\"container\">\n\t\t\t\t<div class=\"elementor-element elementor-element-2a1ad5c elementor-invisible elementor-widget elementor-widget-image\" data-id=\"2a1ad5c\" data-element_type=\"widget\" data-e-type=\"widget\" data-settings=\"{&quot;_animation&quot;:&quot;fadeIn&quot;}\" data-widget_type=\"image.default\">\n\t\t\t\t<div class=\"elementor-widget-container\">\n\t\t\t\t\t\t\t\t\t\t\t\t\t\t\t<img decoding=\"async\" src=\"https:\/\/proglass.az\/wp-content\/uploads\/elementor\/thumbs\/proglass-mmc-haqqimizda-1-1-qfaw8uee2zg6jafdqej65rhvsk5o7lovc47hx50o80.jpg\" title=\"proglass-mmc-haqqimizda-1.jpg\" alt=\"proglass-mmc-haqqimizda-1.jpg\" loading=\"lazy\" \/>\t\t\t\t\t\t\t\t\t\t\t\t\t\t\t<\/div>\n\t\t\t\t<\/div>\n\t\t\t\t<\/div>\n\t\t<div class=\"elementor-element elementor-element-21c7b2f e-con-full e-flex e-con e-child\" data-id=\"21c7b2f\" data-element_type=\"container\" data-e-type=\"container\">\n\t\t\t\t<div class=\"elementor-element elementor-element-9adfa92 elementor-invisible elementor-widget elementor-widget-image\" data-id=\"9adfa92\" data-element_type=\"widget\" data-e-type=\"widget\" data-settings=\"{&quot;_animation&quot;:&quot;fadeIn&quot;,&quot;_animation_delay&quot;:250}\" data-widget_type=\"image.default\">\n\t\t\t\t<div class=\"elementor-widget-container\">\n\t\t\t\t\t\t\t\t\t\t\t\t\t\t\t<img decoding=\"async\" src=\"https:\/\/proglass.az\/wp-content\/uploads\/elementor\/thumbs\/proglass-mmc-haqqimizda-2-1-qfaw8vc89thguwe0kwxsq99cdy11faslo8uzeeza1s.jpg\" title=\"proglass-mmc-haqqimizda-2.jpg\" alt=\"proglass-mmc-haqqimizda-2.jpg\" loading=\"lazy\" \/>\t\t\t\t\t\t\t\t\t\t\t\t\t\t\t<\/div>\n\t\t\t\t<\/div>\n\t\t\t\t<\/div>\n\t\t<div class=\"elementor-element elementor-element-a18e4a3 e-con-full e-flex e-con e-child\" data-id=\"a18e4a3\" data-element_type=\"container\" data-e-type=\"container\">\n\t\t\t\t<div class=\"elementor-element elementor-element-fc56d58 elementor-invisible elementor-widget elementor-widget-image\" data-id=\"fc56d58\" data-element_type=\"widget\" data-e-type=\"widget\" data-settings=\"{&quot;_animation&quot;:&quot;fadeIn&quot;,&quot;_animation_delay&quot;:500}\" data-widget_type=\"image.default\">\n\t\t\t\t<div class=\"elementor-widget-container\">\n\t\t\t\t\t\t\t\t\t\t\t\t\t\t\t<img decoding=\"async\" src=\"https:\/\/proglass.az\/wp-content\/uploads\/elementor\/thumbs\/proglass-mmc-haqqimizda-4-1-qfaw8y5qublbtq9x4g5ofqjq63n52e3somtfu8v3j4.jpg\" title=\"proglass-mmc-haqqimizda-4.jpg\" alt=\"proglass-mmc-haqqimizda-4.jpg\" loading=\"lazy\" \/>\t\t\t\t\t\t\t\t\t\t\t\t\t\t\t<\/div>\n\t\t\t\t<\/div>\n\t\t\t\t<\/div>\n\t\t<div class=\"elementor-element elementor-element-1545d69 e-con-full e-flex e-con e-child\" data-id=\"1545d69\" data-element_type=\"container\" data-e-type=\"container\">\n\t\t\t\t<div class=\"elementor-element elementor-element-425c255 elementor-invisible elementor-widget elementor-widget-image\" data-id=\"425c255\" data-element_type=\"widget\" data-e-type=\"widget\" data-settings=\"{&quot;_animation&quot;:&quot;fadeIn&quot;,&quot;_animation_delay&quot;:750}\" data-widget_type=\"image.default\">\n\t\t\t\t<div class=\"elementor-widget-container\">\n\t\t\t\t\t\t\t\t\t\t\t\t\t\t\t<img decoding=\"async\" src=\"https:\/\/proglass.az\/wp-content\/uploads\/elementor\/thumbs\/proglass-mmc-haqqimizda-3-1-qfaw901f7znwgy76tgyxkq2ncvdvhsb9cw4esssb6o.jpg\" title=\"proglass-mmc-haqqimizda-3.jpg\" alt=\"proglass-mmc-haqqimizda-3.jpg\" loading=\"lazy\" \/>\t\t\t\t\t\t\t\t\t\t\t\t\t\t\t<\/div>\n\t\t\t\t<\/div>\n\t\t\t\t<\/div>\n\t\t\t\t<\/div>\n\t\t\t\t\t<\/div>\n\t\t\t\t<\/div>\n\t\t\t\t<\/div>\n\t\t","protected":false},"excerpt":{"rendered":"<p>HAQQIMIZDA \u201cPRO GLASS\u201d MMC 2019-cu ild\u0259 t\u0259sis edilmi\u015fdir. Q\u0131sa zaman k\u0259siyind\u0259 b\u00f6y\u00fck u\u011furlara imza atan \u201cPRO GLASS\u201d MMC qar\u015f\u0131s\u0131na qoydu\u011fu b\u00fct\u00fcn h\u0259d\u0259fl\u0259r\u0259 tez bir zamanda \u00e7atmas\u0131 il\u0259 f\u0259rql\u0259nir. On iki illik istehsal t\u0259cr\u00fcb\u0259si, \u00f6zsah\u0259l\u0259rind\u0259ki profisional r\u0259hb\u0259r v\u0259 m\u00fct\u0259x\u0259ssis hey\u0259ti m\u00fc\u0259ssis\u0259mizin u\u011furlar\u0131n\u0131n t\u0259m\u0259lidir. \u201cPRO GLASS\u201d MMC yarand\u0131\u011f\u0131 g\u00fcnd\u0259n y\u00fcks\u0259k keyfiyy\u0259ti v\u0259 m\u00fc\u015ft\u0259ri m\u0259mnuyy\u0259tini h\u0259r zaman diqq\u0259t [&hellip;]<\/p>\n","protected":false},"author":1,"featured_media":0,"parent":0,"menu_order":5,"comment_status":"closed","ping_status":"closed","template":"","meta":{"_joinchat":[],"footnotes":""},"class_list":["post-1911","page","type-page","status-publish","hentry"],"_links":{"self":[{"href":"https:\/\/proglass.az\/wp-json\/wp\/v2\/pages\/1911","targetHints":{"allow":["GET"]}}],"collection":[{"href":"https:\/\/proglass.az\/wp-json\/wp\/v2\/pages"}],"about":[{"href":"https:\/\/proglass.az\/wp-json\/wp\/v2\/types\/page"}],"author":[{"embeddable":true,"href":"https:\/\/proglass.az\/wp-json\/wp\/v2\/users\/1"}],"replies":[{"embeddable":true,"href":"https:\/\/proglass.az\/wp-json\/wp\/v2\/comments?post=1911"}],"version-history":[{"count":11,"href":"https:\/\/proglass.az\/wp-json\/wp\/v2\/pages\/1911\/revisions"}],"predecessor-version":[{"id":2292,"href":"https:\/\/proglass.az\/wp-json\/wp\/v2\/pages\/1911\/revisions\/2292"}],"wp:attachment":[{"href":"https:\/\/proglass.az\/wp-json\/wp\/v2\/media?parent=1911"}],"curies":[{"name":"wp","href":"https:\/\/api.w.org\/{rel}","templated":true}]}}